{"id":2303,"date":"2017-04-10T10:04:40","date_gmt":"2017-04-10T08:04:40","guid":{"rendered":"http:\/\/kmg.no\/100-years-of-development\/"},"modified":"2017-06-08T21:50:04","modified_gmt":"2017-06-08T19:50:04","slug":"100-years-of-development","status":"publish","type":"page","link":"https:\/\/kmg.no\/en\/100-years-of-development\/","title":{"rendered":"100 Years of Development"},"content":{"rendered":"<p><div class=\"fusion-fullwidth fullwidth-box fusion-builder-row-1 nonhundred-percent-fullwidth non-hundred-percent-height-scrolling\" style=\"background-color: rgba(0,0,0,0);background-position: center center;background-repeat: no-repeat;padding-top:0px;padding-right:30px;padding-bottom:0px;padding-left:30px;margin-bottom: 0px;margin-top: 0px;border-width: 0px 0px 0px 0px;border-color:#eae9e9;border-style:solid;\" ><div class=\"fusion-builder-row fusion-row\"><div class=\"fusion-layout-column fusion_builder_column fusion-builder-column-0 fusion_builder_column_1_1 1_1 fusion-one-full fusion-column-first fusion-column-last\" style=\"margin-top:0px;margin-bottom:20px;\"><div class=\"fusion-column-wrapper fusion-flex-column-wrapper-legacy\" style=\"background-position:left top;background-repeat:no-repeat;-webkit-background-size:cover;-moz-background-size:cover;-o-background-size:cover;background-size:cover;padding: 0px 0px 0px 0px;\"><div class=\"fusion-sep-clear\"><\/div><div class=\"fusion-separator fusion-no-small-visibility fusion-full-width-sep\" style=\"margin-left: auto;margin-right: auto;margin-top:60px;width:100%;\"><\/div><div class=\"fusion-sep-clear\"><\/div><div class=\"fusion-text fusion-text-1\"><h1 class=\"header-title-light;\" style=\"text-align: center;\">100 Years of Development<\/h1>\n<\/div><div class=\"fusion-text fusion-text-2\"><div id=\"ctl-horizontal-slider-69d74897e06d3\" class=\"cool-timeline-horizontal  white-timeline timeline ht-design-2\" date-slider=\"ctl-h-slider-69d74897e06d3\" data-nav=\"nav-slider-69d74897e06d3\" data-items=\"4\">\n<div class=\"timeline-wrapper white-timeline-wrapper hori-items-4\" ><div class=\"clt_carousel_slider\"><ul class=\"ctl_h_nav\" id=\"nav-slider-69d74897e06d3\"> <li class=\"ht-dates-design-2\" data-date=\"story-id-2817\"><span class=\"icon-placeholder\"><i class=\"fa fa-clock-o\" aria-hidden=\"true\"><\/i><\/span> <span class=\"ctl-story-time selected\"  data-date=\"story-id-2817\" >2017<\/li> <li class=\"ht-dates-design-2\" data-date=\"story-id-2819\"><span class=\"icon-placeholder\"><i class=\"fa fa-clock-o\" aria-hidden=\"true\"><\/i><\/span> <span class=\"ctl-story-time \"  data-date=\"story-id-2819\" >2017<\/li> <li class=\"ht-dates-design-2\" data-date=\"story-id-3001\"><span class=\"icon-placeholder\"><i class=\"fa fa-clock-o\" aria-hidden=\"true\"><\/i><\/span> <span class=\"ctl-story-time \"  data-date=\"story-id-3001\" >2015<\/li> <li class=\"ht-dates-design-2\" data-date=\"story-id-2822\"><span class=\"icon-placeholder\"><i class=\"fa fa-clock-o\" aria-hidden=\"true\"><\/i><\/span> <span class=\"ctl-story-time \"  data-date=\"story-id-2822\" >2013<\/li> <li class=\"ht-dates-design-2\" data-date=\"story-id-3008\"><span class=\"icon-placeholder\"><i class=\"fa fa-clock-o\" aria-hidden=\"true\"><\/i><\/span> <span class=\"ctl-story-time \"  data-date=\"story-id-3008\" >2013<\/li> <li class=\"ht-dates-design-2\" data-date=\"story-id-3000\"><span class=\"icon-placeholder\"><i class=\"fa fa-clock-o\" aria-hidden=\"true\"><\/i><\/span> <span class=\"ctl-story-time \"  data-date=\"story-id-3000\" >2011<\/li> <li class=\"ht-dates-design-2\" data-date=\"story-id-2998\"><span class=\"icon-placeholder\"><i class=\"fa fa-clock-o\" aria-hidden=\"true\"><\/i><\/span> <span class=\"ctl-story-time \"  data-date=\"story-id-2998\" >2010<\/li> <li class=\"ht-dates-design-2\" data-date=\"story-id-2996\"><span class=\"icon-placeholder\"><i class=\"fa fa-clock-o\" aria-hidden=\"true\"><\/i><\/span> <span class=\"ctl-story-time \"  data-date=\"story-id-2996\" >2008<\/li> <li class=\"ht-dates-design-2\" data-date=\"story-id-2995\"><span class=\"icon-placeholder\"><i class=\"fa fa-clock-o\" aria-hidden=\"true\"><\/i><\/span> <span class=\"ctl-story-time \"  data-date=\"story-id-2995\" >2008<\/li> <li class=\"ht-dates-design-2\" data-date=\"story-id-2993\"><span class=\"icon-placeholder\"><i class=\"fa fa-clock-o\" aria-hidden=\"true\"><\/i><\/span> <span class=\"ctl-story-time \"  data-date=\"story-id-2993\" >2008<\/li> <li class=\"ht-dates-design-2\" data-date=\"story-id-2859\"><span class=\"icon-placeholder\"><i class=\"fa fa-clock-o\" aria-hidden=\"true\"><\/i><\/span> <span class=\"ctl-story-time \"  data-date=\"story-id-2859\" >2008<\/li> <li class=\"ht-dates-design-2\" data-date=\"story-id-2997\"><span class=\"icon-placeholder\"><i class=\"fa fa-clock-o\" aria-hidden=\"true\"><\/i><\/span> <span class=\"ctl-story-time \"  data-date=\"story-id-2997\" >2008<\/li> <li class=\"ht-dates-design-2\" data-date=\"story-id-2793\"><span class=\"icon-placeholder\"><i class=\"fa fa-clock-o\" aria-hidden=\"true\"><\/i><\/span> <span class=\"ctl-story-time \"  data-date=\"story-id-2793\" >2007<\/li> <li class=\"ht-dates-design-2\" data-date=\"story-id-2792\"><span class=\"icon-placeholder\"><i class=\"fa fa-clock-o\" aria-hidden=\"true\"><\/i><\/span> <span class=\"ctl-story-time \"  data-date=\"story-id-2792\" >2006<\/li> <li class=\"ht-dates-design-2\" data-date=\"story-id-2791\"><span class=\"icon-placeholder\"><i class=\"fa fa-clock-o\" aria-hidden=\"true\"><\/i><\/span> <span class=\"ctl-story-time \"  data-date=\"story-id-2791\" >2004<\/li> <li class=\"ht-dates-design-2\" data-date=\"story-id-2790\"><span class=\"icon-placeholder\"><i class=\"fa fa-clock-o\" aria-hidden=\"true\"><\/i><\/span> <span class=\"ctl-story-time \"  data-date=\"story-id-2790\" >2001<\/li> <li class=\"ht-dates-design-2\" data-date=\"story-id-2789\"><span class=\"icon-placeholder\"><i class=\"fa fa-clock-o\" aria-hidden=\"true\"><\/i><\/span> <span class=\"ctl-story-time \"  data-date=\"story-id-2789\" >1998<\/li> <li class=\"ht-dates-design-2\" data-date=\"story-id-2788\"><span class=\"icon-placeholder\"><i class=\"fa fa-clock-o\" aria-hidden=\"true\"><\/i><\/span> <span class=\"ctl-story-time \"  data-date=\"story-id-2788\" >1997<\/li> <li class=\"ht-dates-design-2\" data-date=\"story-id-2787\"><span class=\"icon-placeholder\"><i class=\"fa fa-clock-o\" aria-hidden=\"true\"><\/i><\/span> <span class=\"ctl-story-time \"  data-date=\"story-id-2787\" >1997<\/li> <li class=\"ht-dates-design-2\" data-date=\"story-id-2786\"><span class=\"icon-placeholder\"><i class=\"fa fa-clock-o\" aria-hidden=\"true\"><\/i><\/span> <span class=\"ctl-story-time \"  data-date=\"story-id-2786\" >1994<\/li> <li class=\"ht-dates-design-2\" data-date=\"story-id-2785\"><span class=\"icon-placeholder\"><i class=\"fa fa-clock-o\" aria-hidden=\"true\"><\/i><\/span> <span class=\"ctl-story-time \"  data-date=\"story-id-2785\" >1973<\/li> <li class=\"ht-dates-design-2\" data-date=\"story-id-2783\"><span class=\"icon-placeholder\"><i class=\"fa fa-clock-o\" aria-hidden=\"true\"><\/i><\/span> <span class=\"ctl-story-time \"  data-date=\"story-id-2783\" >1967<\/li> <li class=\"ht-dates-design-2\" data-date=\"story-id-2782\"><span class=\"icon-placeholder\"><i class=\"fa fa-clock-o\" aria-hidden=\"true\"><\/i><\/span> <span class=\"ctl-story-time \"  data-date=\"story-id-2782\" >1939<\/li> <li class=\"ht-dates-design-2\" data-date=\"story-id-2781\"><span class=\"icon-placeholder\"><i class=\"fa fa-clock-o\" aria-hidden=\"true\"><\/i><\/span> <span class=\"ctl-story-time \"  data-date=\"story-id-2781\" >1933<\/li> <li class=\"ht-dates-design-2\" data-date=\"story-id-2777\"><span class=\"icon-placeholder\"><i class=\"fa fa-clock-o\" aria-hidden=\"true\"><\/i><\/span> <span class=\"ctl-story-time \"  data-date=\"story-id-2777\" >1917<\/li><\/ul><\/div><div  class=\"clt_caru_slider \"><ul class=\"ctl_h_slides\"  id=\"ctl-h-slider-69d74897e06d3\"><li  data-date=\"story-id-2817\" class=\"ht-design-2\"><div class=\"timeline-post light-grey-post ht-content-design-2\"><h2 class=\"content-title\">KMG Today<\/h2><div class=\"ctl_info event-description full\"><div class=\"full-width\"><img  class=\"story-img\" src=\"https:\/\/kmg.no\/wp-content\/uploads\/2015\/02\/KMG-Karl-M.-Gulbransen-Stansefabrikkjpeg.jpg\"><\/div><div class=\"content-details\"><p>19th April, 2017<\/p>\n<\/div><\/div><\/div><\/li><li  data-date=\"story-id-2819\" class=\"ht-design-2\"><div class=\"timeline-post light-grey-post ht-content-design-2\"><h2 class=\"content-title\">New HAAS<\/h2><div class=\"ctl_info event-description full\"><div class=\"full-width\"><img  class=\"story-img\" src=\"https:\/\/kmg.no\/wp-content\/uploads\/2017\/03\/haas.jpg\"><\/div><div class=\"content-details\"><p>10th March :<br \/>\nNew HAAS Dreie Senter (lathing center)<\/p>\n<\/div><\/div><\/div><\/li><li  data-date=\"story-id-3001\" class=\"ht-design-2\"><div class=\"timeline-post light-grey-post ht-content-design-2\"><h2 class=\"content-title\">New Amada<\/h2><div class=\"ctl_info event-description full\"><div class=\"full-width\"><img  class=\"story-img\" src=\"https:\/\/kmg.no\/wp-content\/uploads\/2015\/06\/Amada-EMZ-3510-NT-Stanseautomat.jpg\"><\/div><div class=\"content-details\"><p>22nd June :<br \/>\nNew Amada EMZ 3510 NT Punching machine<\/p>\n<\/div><\/div><\/div><\/li><li  data-date=\"story-id-2822\" class=\"ht-design-2\"><div class=\"timeline-post light-grey-post ht-content-design-2\"><h2 class=\"content-title\">Outside areas<\/h2><div class=\"ctl_info event-description full\"><div class=\"full-width\"><img  class=\"story-img\" src=\"https:\/\/kmg.no\/wp-content\/uploads\/2013\/10\/uteareal-2013.jpg\"><\/div><div class=\"content-details\"><p>1st October :<br \/>\nCompletion of the company\u2019s outside areas.<\/p>\n<\/div><\/div><\/div><\/li><li  data-date=\"story-id-3008\" class=\"ht-design-2\"><div class=\"timeline-post light-grey-post ht-content-design-2\"><h2 class=\"content-title\">Bend Master Nr. 2<\/h2><div class=\"ctl_info event-description full\"><div class=\"full-width\"><img  class=\"story-img\" src=\"https:\/\/kmg.no\/wp-content\/uploads\/2013\/07\/Trumph-Bend-master-nr.2.jpg\"><\/div><div class=\"content-details\"><p>1st July :<br \/>\nInstallation of new Trumph Bender Master Nr. 2<\/p>\n<\/div><\/div><\/div><\/li><li  data-date=\"story-id-3000\" class=\"ht-design-2\"><div class=\"timeline-post light-grey-post ht-content-design-2\"><h2 class=\"content-title\">KMG is certified<\/h2><div class=\"ctl_info event-description full\"><div class=\"full-width\"><img  class=\"story-img\" src=\"https:\/\/kmg.no\/wp-content\/uploads\/2017\/04\/Karl-M_IQNet_IQNet-OHSAS.jpg\"><\/div><div class=\"content-details\"><p>17th october :<br \/>\nKMG is certified (SN-BS OSAS 18001:2007)<\/p>\n<\/div><\/div><\/div><\/li><li  data-date=\"story-id-2998\" class=\"ht-design-2\"><div class=\"timeline-post light-grey-post ht-content-design-2\"><h2 class=\"content-title\">KMG is certifified<\/h2><div class=\"ctl_info event-description full\"><div class=\"full-width\"><img  class=\"story-img\" src=\"https:\/\/kmg.no\/wp-content\/uploads\/2010\/10\/NS-EN-ISO-140012004-Miljostyring.jpg\"><\/div><div class=\"content-details\"><p>8th october :<br \/>\nKMG is certified (NS-EN ISO 14001:2004)<\/p>\n<\/div><\/div><\/div><\/li><li  data-date=\"story-id-2996\" class=\"ht-design-2\"><div class=\"timeline-post light-grey-post ht-content-design-2\"><h2 class=\"content-title\">Bend Master Nr. 1<\/h2><div class=\"ctl_info event-description full\"><div class=\"full-width\"><img  class=\"story-img\" src=\"https:\/\/kmg.no\/wp-content\/uploads\/2008\/08\/2008-bendmaster-nr-1.jpg\"><\/div><div class=\"content-details\"><p>1st August, 2008 :<br \/>\nInstallation of new Trumph Bend Master Nr. 1<\/p>\n<\/div><\/div><\/div><\/li><li  data-date=\"story-id-2995\" class=\"ht-design-2\"><div class=\"timeline-post light-grey-post ht-content-design-2\"><h2 class=\"content-title\">Welding robots<\/h2><div class=\"ctl_info event-description full\"><div class=\"full-width\"><img  class=\"story-img\" src=\"https:\/\/kmg.no\/wp-content\/uploads\/2008\/08\/sveiserobot-med-manipulator-KMG.jpg\"><\/div><div class=\"content-details\"><p>August 2008 :<br \/>\nInstallation of new welding robots with manipulator<\/p>\n<\/div><\/div><\/div><\/li><li  data-date=\"story-id-2993\" class=\"ht-design-2\"><div class=\"timeline-post light-grey-post ht-content-design-2\"><h2 class=\"content-title\">Proper robot<\/h2><div class=\"ctl_info event-description full\"><div class=\"full-width\"><img  class=\"story-img\" src=\"https:\/\/kmg.no\/wp-content\/uploads\/2008\/08\/propperobot.jpg\"><\/div><div class=\"content-details\"><p>August 2008 :<br \/>\nInstallation of proper robot and assembly line.<\/p>\n<\/div><\/div><\/div><\/li><li  data-date=\"story-id-2859\" class=\"ht-design-2\"><div class=\"timeline-post light-grey-post ht-content-design-2\"><h2 class=\"content-title\">Punching<\/h2><div class=\"ctl_info event-description full\"><div class=\"full-width\"><img  class=\"story-img\" src=\"https:\/\/kmg.no\/wp-content\/uploads\/2008\/08\/amada-stanseautomat.jpg\"><\/div><div class=\"content-details\"><p>August, 2008 :<br \/>\nInstallation of new loader to Amada punching machine.<\/p>\n<\/div><\/div><\/div><\/li><li  data-date=\"story-id-2997\" class=\"ht-design-2\"><div class=\"timeline-post light-grey-post ht-content-design-2\"><h2 class=\"content-title\">Extended premises<\/h2><div class=\"ctl_info event-description full\"><div class=\"full-width\"><img  class=\"story-img\" src=\"https:\/\/kmg.no\/wp-content\/uploads\/2008\/08\/2008-nye-lokaler.jpg\"><\/div><div class=\"content-details\"><p>1st August :<br \/>\nMoving into extended premises at Sagdalen. A new warehouse measuring 500 m\u00b2 with a 7.5 m ceiling is completed. Before the construction started, half of the new space was intended to be rented out, but already before moving in KMG decided that it needed the whole space to itself, and installed a mezzanine measuring about 225 m\u00b2.<\/p>\n<\/div><\/div><\/div><\/li><li  data-date=\"story-id-2793\" class=\"ht-design-2\"><div class=\"timeline-post light-grey-post ht-content-design-2\"><h2 class=\"content-title\">TrioVing A\/S<\/h2><div class=\"ctl_info event-description full\"><div class=\"content-details\"><p>1st. June :<br \/>\nKMG taking over punching production from TrioVing A\/S<\/p>\n<\/div><\/div><\/div><\/li><li  data-date=\"story-id-2792\" class=\"ht-design-2\"><div class=\"timeline-post light-grey-post ht-content-design-2\"><h2 class=\"content-title\">Acquisition<\/h2><div class=\"ctl_info event-description full\"><div class=\"full-width\"><img  class=\"story-img\" src=\"https:\/\/kmg.no\/wp-content\/uploads\/2006\/06\/B-A-Sandberg.jpg\"><\/div><div class=\"content-details\"><p>1st June :<br \/>\nAcquisition of B.A. Sandberg stanse og metallvare fabrikk A\/S<\/p>\n<\/div><\/div><\/div><\/li><li  data-date=\"story-id-2791\" class=\"ht-design-2\"><div class=\"timeline-post light-grey-post ht-content-design-2\"><h2 class=\"content-title\">KMG is certified<\/h2><div class=\"ctl_info event-description full\"><div class=\"full-width\"><img  class=\"story-img\" src=\"https:\/\/kmg.no\/wp-content\/uploads\/2004\/11\/Sertifika-kmg-nemko.jpg\"><\/div><div class=\"content-details\"><p>16th November :<br \/>\nKMG is certified (NS-EN ISO 9001:2000)<\/p>\n<\/div><\/div><\/div><\/li><li  data-date=\"story-id-2790\" class=\"ht-design-2\"><div class=\"timeline-post light-grey-post ht-content-design-2\"><h2 class=\"content-title\">Norwesco A\/S<\/h2><div class=\"ctl_info event-description full\"><div class=\"content-details\"><p>1st january :<br \/>\nIt has been decided that Norwesco A\/S will close, and KMG takes over their punching production. This takeover involved three new employees, plus a good amount of production equipment.<\/p>\n<\/div><\/div><\/div><\/li><li  data-date=\"story-id-2789\" class=\"ht-design-2\"><div class=\"timeline-post light-grey-post ht-content-design-2\"><h2 class=\"content-title\">Extended premises<\/h2><div class=\"ctl_info event-description full\"><div class=\"content-details\"><p>1st February :<br \/>\nAfter a year of construction, KMG can finally move into its new and extended premises at Sagdalen. Offices, wardrobes, a kitchen and a dining room are all located on the 2nd floor, while a new warehouse with the welding department is on the first floor.<\/p>\n<\/div><\/div><\/div><\/li><li  data-date=\"story-id-2788\" class=\"ht-design-2\"><div class=\"timeline-post light-grey-post ht-content-design-2\"><h2 class=\"content-title\">The Sola Group<\/h2><div class=\"ctl_info event-description full\"><div class=\"content-details\"><p>19th June :<br \/>\nSola Gruppen is transferred in its entirety to Sagdalen, where a newly renovated tool department and books full of orders awaited.<\/p>\n<\/div><\/div><\/div><\/li><li  data-date=\"story-id-2787\" class=\"ht-design-2\"><div class=\"timeline-post light-grey-post ht-content-design-2\"><h2 class=\"content-title\">Acquisition<\/h2><div class=\"ctl_info event-description full\"><div class=\"full-width\"><img  class=\"story-img\" src=\"https:\/\/kmg.no\/wp-content\/uploads\/1997\/06\/Sola-Gruppen.jpg\"><\/div><div class=\"content-details\"><p>19th June :<br \/>\nAcquisition of the Sola Group. Sola Gruppen A\/S was owned and run by Stein Halvorsen and Yngvar Holmsen since 1987. They both worked at KMG till 1987, when they decided to create their own company.<\/p>\n<p>Sola Gruppen was during the following 10 years a close partner of KMG, and KMG was by far their biggest costumer in terms of punching tools.<\/p>\n<p>With its new owners, KMG was changing and evolving at a rapid rate. KMG saw a need to build up its own tool department, and to bring extensive tool experience in under its own roof. At the same time, it was in KMG interest to get access to modern tool machines and people experienced with these.<\/p>\n<p>Therefore, KMG bought and acquired the interiors of Solan Gruppen, as well as their machines, knowhow, products, customers, and all four employees. The purchase also led to KMG\u2019s new customers in the road and transportation sector, as one of Sola\u2019s products was \u201csikkerhersmaster\u201d for high-speed roads.<\/p>\n<\/div><\/div><\/div><\/li><li  data-date=\"story-id-2786\" class=\"ht-design-2\"><div class=\"timeline-post light-grey-post ht-content-design-2\"><h2 class=\"content-title\">New owners<\/h2><div class=\"ctl_info event-description full\"><div class=\"full-width\"><img  class=\"story-img\" src=\"https:\/\/kmg.no\/wp-content\/uploads\/1987\/04\/1994.jpg\"><\/div><div class=\"content-details\"><p>1st September :<br \/>\nThe three brothers Tom, Andr\u00e9, and Bj\u00f8rn Heramb become the new owners of Karl M. Gulbrandsen stansefabrikk A\/S. Previous owner Frank Nyland retires after leading the company for 21 years.<\/p>\n<p>Bj\u00f8rn Heramb was hired at KMG as a tool maker trainee September 1st 1988, and got his certificate of apprenticeship in 1990. His older brother Andr\u00e9 Heramb was hired as a tool maker trainee June 11th 1990, and got his certificate of apprenticeship in 1992. Both brothers attended evening school at NKI-Ingeni\u00f8rh\u00f8gskolen at Bekkestua from 1989 to 1994, and finished their education as tool makers by the spring of 1994. Bj\u00f8rn specialized in mechanics and Andr\u00e9 in economics.<\/p>\n<p>Tom Heramb did his apprenticeship at Norwesco A\/S, also studying tool making. Tom got his certificate of apprenticeship in 1990, and then joined the marine. He studied to become a mechatronics engineer at Oslo Ingeni\u00f8rh\u00f8gskole from 1991 to 1996.<\/p>\n<\/div><\/div><\/div><\/li><li  data-date=\"story-id-2785\" class=\"ht-design-2\"><div class=\"timeline-post light-grey-post ht-content-design-2\"><h2 class=\"content-title\">1973-1994<\/h2><div class=\"ctl_info event-description full\"><div class=\"full-width\"><img  class=\"story-img\" src=\"https:\/\/kmg.no\/wp-content\/uploads\/1973\/04\/Frank-Mollergata-1973.jpg\"><\/div><div class=\"content-details\"><p>22nd April :<br \/>\nFrank Nyland, owner of Karl M. Gulbrandsen Stansefabrikk og mekanisk verksted from 1973 to 1994<\/p>\n<\/div><\/div><\/div><\/li><li  data-date=\"story-id-2783\" class=\"ht-design-2\"><div class=\"timeline-post light-grey-post ht-content-design-2\"><h2 class=\"content-title\">Flood<\/h2><div class=\"ctl_info event-description full\"><div class=\"full-width\"><img  class=\"story-img\" src=\"https:\/\/kmg.no\/wp-content\/uploads\/1997\/04\/1995.jpg\"><\/div><div class=\"content-details\"><p>22nd April :<br \/>\nFlood at Pentecost 1967<\/p>\n<\/div><\/div><\/div><\/li><li  data-date=\"story-id-2782\" class=\"ht-design-2\"><div class=\"timeline-post light-grey-post ht-content-design-2\"><h2 class=\"content-title\">1939<\/h2><div class=\"ctl_info event-description full\"><div class=\"full-width\"><img  class=\"story-img\" src=\"https:\/\/kmg.no\/wp-content\/uploads\/1939\/04\/KMG_100_aar_gassmaske.jpeg\"><\/div><div class=\"content-details\"><p>19th April :<br \/>\nGas mask<\/p>\n<\/div><\/div><\/div><\/li><li  data-date=\"story-id-2781\" class=\"ht-design-2\"><div class=\"timeline-post light-grey-post ht-content-design-2\"><h2 class=\"content-title\">1933 &#8211; 1981<\/h2><div class=\"ctl_info event-description full\"><div class=\"full-width\"><img  class=\"story-img\" src=\"https:\/\/kmg.no\/wp-content\/uploads\/2017\/04\/Sykkel1.jpg\"><\/div><div class=\"content-details\"><p>24th April :<br \/>\nThis bicycle was used for deliveries at M\u00f8llergt. 34 in Oslo<\/p>\n<\/div><\/div><\/div><\/li><li  data-date=\"story-id-2777\" class=\"ht-design-2\"><div class=\"timeline-post light-grey-post ht-content-design-2\"><h2 class=\"content-title\">The beginning<\/h2><div class=\"ctl_info event-description full\"><div class=\"full-width\"><img  class=\"story-img\" src=\"https:\/\/kmg.no\/wp-content\/uploads\/1917\/06\/1917-Karl-M.jpeg\"><\/div><div class=\"content-details\"><p>19th June :<br \/>\nEstablishment of Karl M. Gulbrandsen Stansefabrikk AS<\/p>\n<\/div><\/div><\/div><\/li><\/ul><\/div><\/div><\/div>\n<\/div><div class=\"fusion-clearfix\"><\/div><\/div><\/div><\/div><\/div><div class=\"fusion-fullwidth fullwidth-box fusion-builder-row-2 nonhundred-percent-fullwidth non-hundred-percent-height-scrolling\" style=\"background-color: rgba(204,204,204,0);background-position: center center;background-repeat: no-repeat;padding-top:0px;padding-right:30px;padding-bottom:0px;padding-left:30px;margin-bottom: 0px;margin-top: 0px;border-width: 0px 0px 0px 0px;border-color:#eae9e9;border-style:solid;\" ><div class=\"fusion-builder-row fusion-row\"><div class=\"fusion-layout-column fusion_builder_column fusion-builder-column-1 fusion_builder_column_1_1 1_1 fusion-one-full fusion-column-first fusion-column-last\" style=\"margin-top:0px;margin-bottom:20px;\"><div class=\"fusion-column-wrapper fusion-flex-column-wrapper-legacy\" style=\"background-position:left top;background-repeat:no-repeat;-webkit-background-size:cover;-moz-background-size:cover;-o-background-size:cover;background-size:cover;background-color:rgba(219,219,219,0);padding: 0px 0px 0px 0px;\"><div class=\"fusion-button-wrapper\"><style>.fusion-body .fusion-button.button-1{border-radius:0px 0px 0px 0px;}<\/style><a class=\"fusion-button button-flat fusion-button-default-size button-default button-1 fusion-button-default-span \" target=\"_self\" href=\"javascript:history.go(-1)\" id=\"lpmb\"><span class=\"fusion-button-text\">Previous page<\/span><\/a><\/div><div class=\"fusion-clearfix\"><\/div><\/div><\/div><\/div><\/div><\/p>\n","protected":false},"excerpt":{"rendered":"","protected":false},"author":1,"featured_media":0,"parent":0,"menu_order":0,"comment_status":"closed","ping_status":"closed","template":"","meta":[],"_links":{"self":[{"href":"https:\/\/kmg.no\/en\/wp-json\/wp\/v2\/pages\/2303"}],"collection":[{"href":"https:\/\/kmg.no\/en\/wp-json\/wp\/v2\/pages"}],"about":[{"href":"https:\/\/kmg.no\/en\/wp-json\/wp\/v2\/types\/page"}],"author":[{"embeddable":true,"href":"https:\/\/kmg.no\/en\/wp-json\/wp\/v2\/users\/1"}],"replies":[{"embeddable":true,"href":"https:\/\/kmg.no\/en\/wp-json\/wp\/v2\/comments?post=2303"}],"version-history":[{"count":0,"href":"https:\/\/kmg.no\/en\/wp-json\/wp\/v2\/pages\/2303\/revisions"}],"wp:attachment":[{"href":"https:\/\/kmg.no\/en\/wp-json\/wp\/v2\/media?parent=2303"}],"curies":[{"name":"wp","href":"https:\/\/api.w.org\/{rel}","templated":true}]}}